{"id":73,"date":"2022-10-31T10:16:59","date_gmt":"2022-10-31T10:16:59","guid":{"rendered":"https:\/\/peluquerialook23.es\/?page_id=73"},"modified":"2022-10-31T10:31:37","modified_gmt":"2022-10-31T10:31:37","slug":"tratamientos","status":"publish","type":"page","link":"https:\/\/peluquerialook23.es\/index.php\/tratamientos\/","title":{"rendered":"Tratamientos"},"content":{"rendered":"\t\t<div data-elementor-type=\"wp-page\" data-elementor-id=\"73\" class=\"elementor elementor-73\">\n\t\t\t\t\t\t\t\t\t<section class=\"elementor-section elementor-top-section elementor-element elementor-element-a723d94 elementor-section-boxed elementor-section-height-default elementor-section-height-default\" data-id=\"a723d94\" data-element_type=\"section\">\n\t\t\t\t\t\t<div class=\"elementor-container elementor-column-gap-default\">\n\t\t\t\t\t<div class=\"elementor-column elementor-col-100 elementor-top-column elementor-element elementor-element-69b1b6a\" data-id=\"69b1b6a\" data-element_type=\"column\">\n\t\t\t<div class=\"elementor-widget-wrap elementor-element-populated\">\n\t\t\t\t\t\t\t\t<div class=\"elementor-element elementor-element-6f4ccd4 elementor-widget elementor-widget-heading\" data-id=\"6f4ccd4\" data-element_type=\"widget\" data-widget_type=\"heading.default\">\n\t\t\t\t<div class=\"elementor-widget-container\">\n\t\t\t<style>\/*! elementor - v3.8.0 - 30-10-2022 *\/\n.elementor-heading-title{padding:0;margin:0;line-height:1}.elementor-widget-heading .elementor-heading-title[class*=elementor-size-]>a{color:inherit;font-size:inherit;line-height:inherit}.elementor-widget-heading .elementor-heading-title.elementor-size-small{font-size:15px}.elementor-widget-heading .elementor-heading-title.elementor-size-medium{font-size:19px}.elementor-widget-heading .elementor-heading-title.elementor-size-large{font-size:29px}.elementor-widget-heading .elementor-heading-title.elementor-size-xl{font-size:39px}.elementor-widget-heading .elementor-heading-title.elementor-size-xxl{font-size:59px}<\/style><h1 class=\"elementor-heading-title elementor-size-default\">Descubre todos nuestros tratamientos<\/h1>\t\t<\/div>\n\t\t\t\t<\/div>\n\t\t\t\t\t<\/div>\n\t\t<\/div>\n\t\t\t\t\t\t\t<\/div>\n\t\t<\/section>\n\t\t\t\t<section class=\"elementor-section elementor-top-section elementor-element elementor-element-bc520ee elementor-section-boxed elementor-section-height-default elementor-section-height-default\" data-id=\"bc520ee\" data-element_type=\"section\">\n\t\t\t\t\t\t<div class=\"elementor-container elementor-column-gap-default\">\n\t\t\t\t\t<div class=\"elementor-column elementor-col-100 elementor-top-column elementor-element elementor-element-fc97458\" data-id=\"fc97458\" data-element_type=\"column\">\n\t\t\t<div class=\"elementor-widget-wrap elementor-element-populated\">\n\t\t\t\t\t\t\t\t<div class=\"elementor-element elementor-element-8231238 elementor-widget elementor-widget-heading\" data-id=\"8231238\" data-element_type=\"widget\" data-widget_type=\"heading.default\">\n\t\t\t\t<div class=\"elementor-widget-container\">\n\t\t\t<h2 class=\"elementor-heading-title elementor-size-default\">Tratamientos de belleza en Valencia de Don Juan<\/h2>\t\t<\/div>\n\t\t\t\t<\/div>\n\t\t\t\t\t<\/div>\n\t\t<\/div>\n\t\t\t\t\t\t\t<\/div>\n\t\t<\/section>\n\t\t\t\t<section class=\"elementor-section elementor-top-section elementor-element elementor-element-49ed3e5 elementor-section-boxed elementor-section-height-default elementor-section-height-default\" data-id=\"49ed3e5\" data-element_type=\"section\">\n\t\t\t\t\t\t<div class=\"elementor-container elementor-column-gap-default\">\n\t\t\t\t\t<div class=\"elementor-column elementor-col-100 elementor-top-column elementor-element elementor-element-8bc8cd4\" data-id=\"8bc8cd4\" data-element_type=\"column\">\n\t\t\t<div class=\"elementor-widget-wrap elementor-element-populated\">\n\t\t\t\t\t\t\t\t<div class=\"elementor-element elementor-element-0c9361d elementor-widget elementor-widget-spacer\" data-id=\"0c9361d\" data-element_type=\"widget\" data-widget_type=\"spacer.default\">\n\t\t\t\t<div class=\"elementor-widget-container\">\n\t\t\t<style>\/*! elementor - v3.8.0 - 30-10-2022 *\/\n.elementor-column .elementor-spacer-inner{height:var(--spacer-size)}.e-con{--container-widget-width:100%}.e-con-inner>.elementor-widget-spacer,.e-con>.elementor-widget-spacer{width:var(--container-widget-width,var(--spacer-size));-ms-flex-item-align:stretch;align-self:stretch;-ms-flex-negative:0;flex-shrink:0}.e-con-inner>.elementor-widget-spacer>.elementor-widget-container,.e-con-inner>.elementor-widget-spacer>.elementor-widget-container>.elementor-spacer,.e-con>.elementor-widget-spacer>.elementor-widget-container,.e-con>.elementor-widget-spacer>.elementor-widget-container>.elementor-spacer{height:100%}.e-con-inner>.elementor-widget-spacer>.elementor-widget-container>.elementor-spacer>.elementor-spacer-inner,.e-con>.elementor-widget-spacer>.elementor-widget-container>.elementor-spacer>.elementor-spacer-inner{height:var(--container-widget-height,var(--spacer-size))}<\/style>\t\t<div class=\"elementor-spacer\">\n\t\t\t<div class=\"elementor-spacer-inner\"><\/div>\n\t\t<\/div>\n\t\t\t\t<\/div>\n\t\t\t\t<\/div>\n\t\t\t\t\t<\/div>\n\t\t<\/div>\n\t\t\t\t\t\t\t<\/div>\n\t\t<\/section>\n\t\t\t\t<section class=\"elementor-section elementor-top-section elementor-element elementor-element-7ac4b7c elementor-section-boxed elementor-section-height-default elementor-section-height-default\" data-id=\"7ac4b7c\" data-element_type=\"section\">\n\t\t\t\t\t\t<div class=\"elementor-container elementor-column-gap-default\">\n\t\t\t\t\t<div class=\"elementor-column elementor-col-25 elementor-top-column elementor-element elementor-element-8430166\" data-id=\"8430166\" data-element_type=\"column\">\n\t\t\t<div class=\"elementor-widget-wrap\">\n\t\t\t\t\t\t\t\t\t<\/div>\n\t\t<\/div>\n\t\t\t\t<div class=\"elementor-column elementor-col-50 elementor-top-column elementor-element elementor-element-81c2381\" data-id=\"81c2381\" data-element_type=\"column\">\n\t\t\t<div class=\"elementor-widget-wrap elementor-element-populated\">\n\t\t\t\t\t\t\t\t<div class=\"elementor-element elementor-element-0e83754 elementor-widget elementor-widget-text-editor\" data-id=\"0e83754\" data-element_type=\"widget\" data-widget_type=\"text-editor.default\">\n\t\t\t\t<div class=\"elementor-widget-container\">\n\t\t\t<style>\/*! elementor - v3.8.0 - 30-10-2022 *\/\n.elementor-widget-text-editor.elementor-drop-cap-view-stacked .elementor-drop-cap{background-color:#818a91;color:#fff}.elementor-widget-text-editor.elementor-drop-cap-view-framed .elementor-drop-cap{color:#818a91;border:3px solid;background-color:transparent}.elementor-widget-text-editor:not(.elementor-drop-cap-view-default) .elementor-drop-cap{margin-top:8px}.elementor-widget-text-editor:not(.elementor-drop-cap-view-default) .elementor-drop-cap-letter{width:1em;height:1em}.elementor-widget-text-editor .elementor-drop-cap{float:left;text-align:center;line-height:1;font-size:50px}.elementor-widget-text-editor .elementor-drop-cap-letter{display:inline-block}<\/style>\t\t\t\t<p>presoterapia<\/p>\n<p>cavitaci\u00f3n<\/p>\n<p>tratamiento facial y corporal<\/p>\n<p>m\u00e1quina skulp<\/p>\n<p>limpieza facial<\/p>\n<p>radiofracuencia<\/p>\n<p>drenaje linf\u00e1tico<\/p>\n<p>vacumterapia<\/p><p>solarium<\/p>\t\t\t\t\t\t<\/div>\n\t\t\t\t<\/div>\n\t\t\t\t\t<\/div>\n\t\t<\/div>\n\t\t\t\t<div class=\"elementor-column elementor-col-25 elementor-top-column elementor-element elementor-element-1860bef\" data-id=\"1860bef\" data-element_type=\"column\">\n\t\t\t<div class=\"elementor-widget-wrap\">\n\t\t\t\t\t\t\t\t\t<\/div>\n\t\t<\/div>\n\t\t\t\t\t\t\t<\/div>\n\t\t<\/section>\n\t\t\t\t<section class=\"elementor-section elementor-top-section elementor-element elementor-element-c432092 elementor-section-boxed elementor-section-height-default elementor-section-height-default\" data-id=\"c432092\" data-element_type=\"section\">\n\t\t\t\t\t\t<div class=\"elementor-container elementor-column-gap-default\">\n\t\t\t\t\t<div class=\"elementor-column elementor-col-100 elementor-top-column elementor-element elementor-element-d3b49ef\" data-id=\"d3b49ef\" data-element_type=\"column\">\n\t\t\t<div class=\"elementor-widget-wrap elementor-element-populated\">\n\t\t\t\t\t\t\t\t<div class=\"elementor-element elementor-element-704ebb3 elementor-widget elementor-widget-spacer\" data-id=\"704ebb3\" data-element_type=\"widget\" data-widget_type=\"spacer.default\">\n\t\t\t\t<div class=\"elementor-widget-container\">\n\t\t\t\t\t<div class=\"elementor-spacer\">\n\t\t\t<div class=\"elementor-spacer-inner\"><\/div>\n\t\t<\/div>\n\t\t\t\t<\/div>\n\t\t\t\t<\/div>\n\t\t\t\t\t<\/div>\n\t\t<\/div>\n\t\t\t\t\t\t\t<\/div>\n\t\t<\/section>\n\t\t\t\t<section class=\"elementor-section elementor-top-section elementor-element elementor-element-38ca81e elementor-section-stretched elementor-section-boxed elementor-section-height-default elementor-section-height-default\" data-id=\"38ca81e\" data-element_type=\"section\" data-settings=\"{&quot;stretch_section&quot;:&quot;section-stretched&quot;}\">\n\t\t\t\t\t\t\t<div class=\"elementor-background-overlay\"><\/div>\n\t\t\t\t\t\t\t<div class=\"elementor-container elementor-column-gap-default\">\n\t\t\t\t\t<div class=\"elementor-column elementor-col-66 elementor-top-column elementor-element elementor-element-cadfbd3\" data-id=\"cadfbd3\" data-element_type=\"column\">\n\t\t\t<div class=\"elementor-widget-wrap elementor-element-populated\">\n\t\t\t\t\t\t\t\t<div class=\"elementor-element elementor-element-59b9991 elementor-widget elementor-widget-text-editor\" data-id=\"59b9991\" data-element_type=\"widget\" data-widget_type=\"text-editor.default\">\n\t\t\t\t<div class=\"elementor-widget-container\">\n\t\t\t\t\t\t\t<p>Presoterapia<\/p>\t\t\t\t\t\t<\/div>\n\t\t\t\t<\/div>\n\t\t\t\t<div class=\"elementor-element elementor-element-e0668a5 elementor-widget elementor-widget-text-editor\" data-id=\"e0668a5\" data-element_type=\"widget\" data-widget_type=\"text-editor.default\">\n\t\t\t\t<div class=\"elementor-widget-container\">\n\t\t\t\t\t\t\t<p>estimula y mejora tu circulaci\u00f3n<\/p>\t\t\t\t\t\t<\/div>\n\t\t\t\t<\/div>\n\t\t\t\t\t<\/div>\n\t\t<\/div>\n\t\t\t\t<div class=\"elementor-column elementor-col-33 elementor-top-column elementor-element elementor-element-4319fbb\" data-id=\"4319fbb\" data-element_type=\"column\">\n\t\t\t<div class=\"elementor-widget-wrap\">\n\t\t\t\t\t\t\t\t\t<\/div>\n\t\t<\/div>\n\t\t\t\t\t\t\t<\/div>\n\t\t<\/section>\n\t\t\t\t<section class=\"elementor-section elementor-top-section elementor-element elementor-element-bf32b09 elementor-section-stretched elementor-section-boxed elementor-section-height-default elementor-section-height-default\" data-id=\"bf32b09\" data-element_type=\"section\" data-settings=\"{&quot;stretch_section&quot;:&quot;section-stretched&quot;}\">\n\t\t\t\t\t\t\t<div class=\"elementor-background-overlay\"><\/div>\n\t\t\t\t\t\t\t<div class=\"elementor-container elementor-column-gap-default\">\n\t\t\t\t\t<div class=\"elementor-column elementor-col-33 elementor-top-column elementor-element elementor-element-cbca00a\" data-id=\"cbca00a\" data-element_type=\"column\">\n\t\t\t<div class=\"elementor-widget-wrap\">\n\t\t\t\t\t\t\t\t\t<\/div>\n\t\t<\/div>\n\t\t\t\t<div class=\"elementor-column elementor-col-66 elementor-top-column elementor-element elementor-element-a7327da\" data-id=\"a7327da\" data-element_type=\"column\">\n\t\t\t<div class=\"elementor-widget-wrap elementor-element-populated\">\n\t\t\t\t\t\t\t\t<div class=\"elementor-element elementor-element-ec45209 elementor-widget elementor-widget-text-editor\" data-id=\"ec45209\" data-element_type=\"widget\" data-widget_type=\"text-editor.default\">\n\t\t\t\t<div class=\"elementor-widget-container\">\n\t\t\t\t\t\t\t<p>Radiofrecuencia facial y corporal<\/p>\t\t\t\t\t\t<\/div>\n\t\t\t\t<\/div>\n\t\t\t\t<div class=\"elementor-element elementor-element-668222a elementor-widget elementor-widget-text-editor\" data-id=\"668222a\" data-element_type=\"widget\" data-widget_type=\"text-editor.default\">\n\t\t\t\t<div class=\"elementor-widget-container\">\n\t\t\t\t\t\t\t<p>ayuda a eliminar celulitis, flacidez y mejora la elasticidad<\/p>\t\t\t\t\t\t<\/div>\n\t\t\t\t<\/div>\n\t\t\t\t\t<\/div>\n\t\t<\/div>\n\t\t\t\t\t\t\t<\/div>\n\t\t<\/section>\n\t\t\t\t<section class=\"elementor-section elementor-top-section elementor-element elementor-element-cc68eab elementor-section-stretched elementor-section-boxed elementor-section-height-default elementor-section-height-default\" data-id=\"cc68eab\" data-element_type=\"section\" data-settings=\"{&quot;stretch_section&quot;:&quot;section-stretched&quot;}\">\n\t\t\t\t\t\t\t<div class=\"elementor-background-overlay\"><\/div>\n\t\t\t\t\t\t\t<div class=\"elementor-container elementor-column-gap-default\">\n\t\t\t\t\t<div class=\"elementor-column elementor-col-66 elementor-top-column elementor-element elementor-element-fec8705\" data-id=\"fec8705\" data-element_type=\"column\">\n\t\t\t<div class=\"elementor-widget-wrap elementor-element-populated\">\n\t\t\t\t\t\t\t\t<div class=\"elementor-element elementor-element-69673dd elementor-widget elementor-widget-text-editor\" data-id=\"69673dd\" data-element_type=\"widget\" data-widget_type=\"text-editor.default\">\n\t\t\t\t<div class=\"elementor-widget-container\">\n\t\t\t\t\t\t\t<p>Tratamientos faciales<\/p>\t\t\t\t\t\t<\/div>\n\t\t\t\t<\/div>\n\t\t\t\t<div class=\"elementor-element elementor-element-0c92941 elementor-widget elementor-widget-text-editor\" data-id=\"0c92941\" data-element_type=\"widget\" data-widget_type=\"text-editor.default\">\n\t\t\t\t<div class=\"elementor-widget-container\">\n\t\t\t\t\t\t\t<p>limpieza y exfoliaci\u00f3n, antiedad<\/p>\t\t\t\t\t\t<\/div>\n\t\t\t\t<\/div>\n\t\t\t\t\t<\/div>\n\t\t<\/div>\n\t\t\t\t<div class=\"elementor-column elementor-col-33 elementor-top-column elementor-element elementor-element-514d66b\" data-id=\"514d66b\" data-element_type=\"column\">\n\t\t\t<div class=\"elementor-widget-wrap\">\n\t\t\t\t\t\t\t\t\t<\/div>\n\t\t<\/div>\n\t\t\t\t\t\t\t<\/div>\n\t\t<\/section>\n\t\t\t\t<section class=\"elementor-section elementor-top-section elementor-element elementor-element-6d3eda2 elementor-section-boxed elementor-section-height-default elementor-section-height-default\" data-id=\"6d3eda2\" data-element_type=\"section\">\n\t\t\t\t\t\t<div class=\"elementor-container elementor-column-gap-default\">\n\t\t\t\t\t<div class=\"elementor-column elementor-col-100 elementor-top-column elementor-element elementor-element-716066e\" data-id=\"716066e\" data-element_type=\"column\">\n\t\t\t<div class=\"elementor-widget-wrap elementor-element-populated\">\n\t\t\t\t\t\t\t\t<div class=\"elementor-element elementor-element-392978c elementor-widget elementor-widget-spacer\" data-id=\"392978c\" data-element_type=\"widget\" data-widget_type=\"spacer.default\">\n\t\t\t\t<div class=\"elementor-widget-container\">\n\t\t\t\t\t<div class=\"elementor-spacer\">\n\t\t\t<div class=\"elementor-spacer-inner\"><\/div>\n\t\t<\/div>\n\t\t\t\t<\/div>\n\t\t\t\t<\/div>\n\t\t\t\t\t<\/div>\n\t\t<\/div>\n\t\t\t\t\t\t\t<\/div>\n\t\t<\/section>\n\t\t\t\t<section class=\"elementor-section elementor-top-section elementor-element elementor-element-4f15ae0 elementor-section-boxed elementor-section-height-default elementor-section-height-default\" data-id=\"4f15ae0\" data-element_type=\"section\">\n\t\t\t\t\t\t<div class=\"elementor-container elementor-column-gap-default\">\n\t\t\t\t\t<div class=\"elementor-column elementor-col-25 elementor-top-column elementor-element elementor-element-f723f69\" data-id=\"f723f69\" data-element_type=\"column\">\n\t\t\t<div class=\"elementor-widget-wrap\">\n\t\t\t\t\t\t\t\t\t<\/div>\n\t\t<\/div>\n\t\t\t\t<div class=\"elementor-column elementor-col-50 elementor-top-column elementor-element elementor-element-4a1c5e3\" data-id=\"4a1c5e3\" data-element_type=\"column\">\n\t\t\t<div class=\"elementor-widget-wrap elementor-element-populated\">\n\t\t\t\t\t\t\t\t<div class=\"elementor-element elementor-element-475deac elementor-widget elementor-widget-heading\" data-id=\"475deac\" data-element_type=\"widget\" data-widget_type=\"heading.default\">\n\t\t\t\t<div class=\"elementor-widget-container\">\n\t\t\t<h4 class=\"elementor-heading-title elementor-size-default\">Pide cita<\/h4>\t\t<\/div>\n\t\t\t\t<\/div>\n\t\t\t\t<div class=\"elementor-element elementor-element-94dc82c elementor-widget elementor-widget-heading\" data-id=\"94dc82c\" data-element_type=\"widget\" data-widget_type=\"heading.default\">\n\t\t\t\t<div class=\"elementor-widget-container\">\n\t\t\t<h5 class=\"elementor-heading-title elementor-size-default\">Pl. Sta. Teresa, 24200 Valencia de Don Juan, Le\u00f3n<\/h5>\t\t<\/div>\n\t\t\t\t<\/div>\n\t\t\t\t\t<\/div>\n\t\t<\/div>\n\t\t\t\t<div class=\"elementor-column elementor-col-25 elementor-top-column elementor-element elementor-element-13e4b1e\" data-id=\"13e4b1e\" data-element_type=\"column\">\n\t\t\t<div class=\"elementor-widget-wrap\">\n\t\t\t\t\t\t\t\t\t<\/div>\n\t\t<\/div>\n\t\t\t\t\t\t\t<\/div>\n\t\t<\/section>\n\t\t\t\t<section class=\"elementor-section elementor-top-section elementor-element elementor-element-4b31ace elementor-section-boxed elementor-section-height-default elementor-section-height-default\" data-id=\"4b31ace\" data-element_type=\"section\">\n\t\t\t\t\t\t<div class=\"elementor-container elementor-column-gap-default\">\n\t\t\t\t\t<div class=\"elementor-column elementor-col-25 elementor-top-column elementor-element elementor-element-6cb6638\" data-id=\"6cb6638\" data-element_type=\"column\">\n\t\t\t<div class=\"elementor-widget-wrap\">\n\t\t\t\t\t\t\t\t\t<\/div>\n\t\t<\/div>\n\t\t\t\t<div class=\"elementor-column elementor-col-50 elementor-top-column elementor-element elementor-element-0728ae4\" data-id=\"0728ae4\" data-element_type=\"column\">\n\t\t\t<div class=\"elementor-widget-wrap elementor-element-populated\">\n\t\t\t\t\t\t\t\t<div class=\"elementor-element elementor-element-782f406 elementor-widget elementor-widget-heading\" data-id=\"782f406\" data-element_type=\"widget\" data-widget_type=\"heading.default\">\n\t\t\t\t<div class=\"elementor-widget-container\">\n\t\t\t<h5 class=\"elementor-heading-title elementor-size-default\"><a href=\"tel:+34987750312\">987 75 03 12<\/a><\/h5>\t\t<\/div>\n\t\t\t\t<\/div>\n\t\t\t\t\t<\/div>\n\t\t<\/div>\n\t\t\t\t<div class=\"elementor-column elementor-col-25 elementor-top-column elementor-element elementor-element-e808277\" data-id=\"e808277\" data-element_type=\"column\">\n\t\t\t<div class=\"elementor-widget-wrap\">\n\t\t\t\t\t\t\t\t\t<\/div>\n\t\t<\/div>\n\t\t\t\t\t\t\t<\/div>\n\t\t<\/section>\n\t\t\t\t\t\t\t<\/div>\n\t\t","protected":false},"excerpt":{"rendered":"<p>Descubre todos nuestros tratamientos Tratamientos de belleza en Valencia de Don Juan presoterapia cavitaci\u00f3n tratamiento facial y corporal m\u00e1quina skulp<\/p>\n<p><span class=\"more-link\"><a href=\"https:\/\/peluquerialook23.es\/index.php\/tratamientos\/\" class=\"readmore\">Seguir leyendo<span class=\"screen-reader-text\">Tratamientos<\/span><\/a><\/span><\/p>\n","protected":false},"author":1,"featured_media":0,"parent":0,"menu_order":0,"comment_status":"closed","ping_status":"closed","template":"","meta":{"footnotes":""},"class_list":["post-73","page","type-page","status-publish","hentry"],"yoast_head":"<!-- This site is optimized with the Yoast SEO plugin v19.9 - https:\/\/yoast.com\/wordpress\/plugins\/seo\/ -->\n<title>Tratamientos - Peluquer\u00eda Look 23<\/title>\n<meta name=\"robots\" content=\"index, follow, max-snippet:-1, max-image-preview:large, max-video-preview:-1\" \/>\n<link rel=\"canonical\" href=\"https:\/\/peluquerialook23.es\/index.php\/tratamientos\/\" \/>\n<meta property=\"og:locale\" content=\"es_ES\" \/>\n<meta property=\"og:type\" content=\"article\" \/>\n<meta property=\"og:title\" content=\"Tratamientos - Peluquer\u00eda Look 23\" \/>\n<meta property=\"og:description\" content=\"Descubre todos nuestros tratamientos Tratamientos de belleza en Valencia de Don Juan presoterapia cavitaci\u00f3n tratamiento facial y corporal m\u00e1quina skulpSeguir leyendoTratamientos\" \/>\n<meta property=\"og:url\" content=\"https:\/\/peluquerialook23.es\/index.php\/tratamientos\/\" \/>\n<meta property=\"og:site_name\" content=\"Peluquer\u00eda Look 23\" \/>\n<meta property=\"article:publisher\" content=\"https:\/\/www.facebook.com\/look23pye\/\" \/>\n<meta property=\"article:modified_time\" content=\"2022-10-31T10:31:37+00:00\" \/>\n<meta name=\"twitter:card\" content=\"summary_large_image\" \/>\n<script type=\"application\/ld+json\" class=\"yoast-schema-graph\">{\"@context\":\"https:\/\/schema.org\",\"@graph\":[{\"@type\":\"WebPage\",\"@id\":\"https:\/\/peluquerialook23.es\/index.php\/tratamientos\/\",\"url\":\"https:\/\/peluquerialook23.es\/index.php\/tratamientos\/\",\"name\":\"Tratamientos - Peluquer\u00eda Look 23\",\"isPartOf\":{\"@id\":\"https:\/\/peluquerialook23.es\/#website\"},\"datePublished\":\"2022-10-31T10:16:59+00:00\",\"dateModified\":\"2022-10-31T10:31:37+00:00\",\"breadcrumb\":{\"@id\":\"https:\/\/peluquerialook23.es\/index.php\/tratamientos\/#breadcrumb\"},\"inLanguage\":\"es\",\"potentialAction\":[{\"@type\":\"ReadAction\",\"target\":[\"https:\/\/peluquerialook23.es\/index.php\/tratamientos\/\"]}]},{\"@type\":\"BreadcrumbList\",\"@id\":\"https:\/\/peluquerialook23.es\/index.php\/tratamientos\/#breadcrumb\",\"itemListElement\":[{\"@type\":\"ListItem\",\"position\":1,\"name\":\"Portada\",\"item\":\"https:\/\/peluquerialook23.es\/\"},{\"@type\":\"ListItem\",\"position\":2,\"name\":\"Tratamientos\"}]},{\"@type\":\"WebSite\",\"@id\":\"https:\/\/peluquerialook23.es\/#website\",\"url\":\"https:\/\/peluquerialook23.es\/\",\"name\":\"Peluquer\u00eda Look 23\",\"description\":\"Centro d peluquer\u00eda y est\u00e9tica Valencia de Don Juan\",\"publisher\":{\"@id\":\"https:\/\/peluquerialook23.es\/#organization\"},\"potentialAction\":[{\"@type\":\"SearchAction\",\"target\":{\"@type\":\"EntryPoint\",\"urlTemplate\":\"https:\/\/peluquerialook23.es\/?s={search_term_string}\"},\"query-input\":\"required name=search_term_string\"}],\"inLanguage\":\"es\"},{\"@type\":\"Organization\",\"@id\":\"https:\/\/peluquerialook23.es\/#organization\",\"name\":\"Peluquer\u00eda Look 23\",\"url\":\"https:\/\/peluquerialook23.es\/\",\"logo\":{\"@type\":\"ImageObject\",\"inLanguage\":\"es\",\"@id\":\"https:\/\/peluquerialook23.es\/#\/schema\/logo\/image\/\",\"url\":\"https:\/\/peluquerialook23.es\/wp-content\/uploads\/2022\/10\/logo-low-negro.png\",\"contentUrl\":\"https:\/\/peluquerialook23.es\/wp-content\/uploads\/2022\/10\/logo-low-negro.png\",\"width\":2117,\"height\":821,\"caption\":\"Peluquer\u00eda Look 23\"},\"image\":{\"@id\":\"https:\/\/peluquerialook23.es\/#\/schema\/logo\/image\/\"},\"sameAs\":[\"https:\/\/www.instagram.com\/look23.pye\/\",\"https:\/\/www.facebook.com\/look23pye\/\"]}]}<\/script>\n<!-- \/ Yoast SEO plugin. -->","yoast_head_json":{"title":"Tratamientos - Peluquer\u00eda Look 23","robots":{"index":"index","follow":"follow","max-snippet":"max-snippet:-1","max-image-preview":"max-image-preview:large","max-video-preview":"max-video-preview:-1"},"canonical":"https:\/\/peluquerialook23.es\/index.php\/tratamientos\/","og_locale":"es_ES","og_type":"article","og_title":"Tratamientos - Peluquer\u00eda Look 23","og_description":"Descubre todos nuestros tratamientos Tratamientos de belleza en Valencia de Don Juan presoterapia cavitaci\u00f3n tratamiento facial y corporal m\u00e1quina skulpSeguir leyendoTratamientos","og_url":"https:\/\/peluquerialook23.es\/index.php\/tratamientos\/","og_site_name":"Peluquer\u00eda Look 23","article_publisher":"https:\/\/www.facebook.com\/look23pye\/","article_modified_time":"2022-10-31T10:31:37+00:00","twitter_card":"summary_large_image","schema":{"@context":"https:\/\/schema.org","@graph":[{"@type":"WebPage","@id":"https:\/\/peluquerialook23.es\/index.php\/tratamientos\/","url":"https:\/\/peluquerialook23.es\/index.php\/tratamientos\/","name":"Tratamientos - Peluquer\u00eda Look 23","isPartOf":{"@id":"https:\/\/peluquerialook23.es\/#website"},"datePublished":"2022-10-31T10:16:59+00:00","dateModified":"2022-10-31T10:31:37+00:00","breadcrumb":{"@id":"https:\/\/peluquerialook23.es\/index.php\/tratamientos\/#breadcrumb"},"inLanguage":"es","potentialAction":[{"@type":"ReadAction","target":["https:\/\/peluquerialook23.es\/index.php\/tratamientos\/"]}]},{"@type":"BreadcrumbList","@id":"https:\/\/peluquerialook23.es\/index.php\/tratamientos\/#breadcrumb","itemListElement":[{"@type":"ListItem","position":1,"name":"Portada","item":"https:\/\/peluquerialook23.es\/"},{"@type":"ListItem","position":2,"name":"Tratamientos"}]},{"@type":"WebSite","@id":"https:\/\/peluquerialook23.es\/#website","url":"https:\/\/peluquerialook23.es\/","name":"Peluquer\u00eda Look 23","description":"Centro d peluquer\u00eda y est\u00e9tica Valencia de Don Juan","publisher":{"@id":"https:\/\/peluquerialook23.es\/#organization"},"potentialAction":[{"@type":"SearchAction","target":{"@type":"EntryPoint","urlTemplate":"https:\/\/peluquerialook23.es\/?s={search_term_string}"},"query-input":"required name=search_term_string"}],"inLanguage":"es"},{"@type":"Organization","@id":"https:\/\/peluquerialook23.es\/#organization","name":"Peluquer\u00eda Look 23","url":"https:\/\/peluquerialook23.es\/","logo":{"@type":"ImageObject","inLanguage":"es","@id":"https:\/\/peluquerialook23.es\/#\/schema\/logo\/image\/","url":"https:\/\/peluquerialook23.es\/wp-content\/uploads\/2022\/10\/logo-low-negro.png","contentUrl":"https:\/\/peluquerialook23.es\/wp-content\/uploads\/2022\/10\/logo-low-negro.png","width":2117,"height":821,"caption":"Peluquer\u00eda Look 23"},"image":{"@id":"https:\/\/peluquerialook23.es\/#\/schema\/logo\/image\/"},"sameAs":["https:\/\/www.instagram.com\/look23.pye\/","https:\/\/www.facebook.com\/look23pye\/"]}]}},"_links":{"self":[{"href":"https:\/\/peluquerialook23.es\/index.php\/wp-json\/wp\/v2\/pages\/73","targetHints":{"allow":["GET"]}}],"collection":[{"href":"https:\/\/peluquerialook23.es\/index.php\/wp-json\/wp\/v2\/pages"}],"about":[{"href":"https:\/\/peluquerialook23.es\/index.php\/wp-json\/wp\/v2\/types\/page"}],"author":[{"embeddable":true,"href":"https:\/\/peluquerialook23.es\/index.php\/wp-json\/wp\/v2\/users\/1"}],"replies":[{"embeddable":true,"href":"https:\/\/peluquerialook23.es\/index.php\/wp-json\/wp\/v2\/comments?post=73"}],"version-history":[{"count":16,"href":"https:\/\/peluquerialook23.es\/index.php\/wp-json\/wp\/v2\/pages\/73\/revisions"}],"predecessor-version":[{"id":93,"href":"https:\/\/peluquerialook23.es\/index.php\/wp-json\/wp\/v2\/pages\/73\/revisions\/93"}],"wp:attachment":[{"href":"https:\/\/peluquerialook23.es\/index.php\/wp-json\/wp\/v2\/media?parent=73"}],"curies":[{"name":"wp","href":"https:\/\/api.w.org\/{rel}","templated":true}]}}